{"id":4520,"date":"2021-05-23T17:55:41","date_gmt":"2021-05-23T17:55:41","guid":{"rendered":"https:\/\/www.awite.de\/?page_id=4520"},"modified":"2024-03-05T10:30:06","modified_gmt":"2024-03-05T10:30:06","slug":"power-to-gas","status":"publish","type":"page","link":"https:\/\/www.awite.de\/pt-br\/aplicacoes\/power-to-gas\/","title":{"rendered":"Power-to-Gas"},"content":{"rendered":"\t\t<div data-elementor-type=\"wp-page\" data-elementor-id=\"4520\" class=\"elementor elementor-4520 elementor-101\" data-elementor-post-type=\"page\">\n\t\t\t\t\t\t<section class=\"elementor-section elementor-top-section elementor-element elementor-element-25b231dd elementor-section-height-min-height elementor-section-items-stretch section-header elementor-section-boxed elementor-section-height-default\" data-id=\"25b231dd\" data-element_type=\"section\" data-e-type=\"section\" data-settings=\"{&quot;background_background&quot;:&quot;classic&quot;,&quot;jet_parallax_layout_list&quot;:[]}\">\n\t\t\t\t\t\t<div class=\"elementor-container elementor-column-gap-default\">\n\t\t\t\t\t<div class=\"elementor-column elementor-col-50 elementor-top-column elementor-element elementor-element-bcdf846\" data-id=\"bcdf846\" data-element_type=\"column\" data-e-type=\"column\" data-settings=\"{&quot;background_background&quot;:&quot;classic&quot;}\">\n\t\t\t<div class=\"elementor-widget-wrap elementor-element-populated\">\n\t\t\t\t\t\t<div class=\"elementor-element elementor-element-592ef435 elementor-widget elementor-widget-heading\" data-id=\"592ef435\" data-element_type=\"widget\" data-e-type=\"widget\" data-widget_type=\"heading.default\">\n\t\t\t\t\t<h1 class=\"elementor-heading-title elementor-size-default\">PRODU\u00c7\u00c3O REGENERATIVA DE G\u00c1S\n<\/h1>\t\t\t\t<\/div>\n\t\t\t\t\t<\/div>\n\t\t<\/div>\n\t\t\t\t<div class=\"elementor-column elementor-col-50 elementor-top-column elementor-element elementor-element-3f1dd77b\" data-id=\"3f1dd77b\" data-element_type=\"column\" data-e-type=\"column\">\n\t\t\t<div class=\"elementor-widget-wrap\">\n\t\t\t\t\t\t\t<\/div>\n\t\t<\/div>\n\t\t\t\t\t<\/div>\n\t\t<\/section>\n\t\t\t\t<section class=\"elementor-section elementor-top-section elementor-element elementor-element-14fe9157 elementor-section-boxed elementor-section-height-default elementor-section-height-default\" data-id=\"14fe9157\" data-element_type=\"section\" data-e-type=\"section\" data-settings=\"{&quot;background_background&quot;:&quot;classic&quot;,&quot;jet_parallax_layout_list&quot;:[]}\">\n\t\t\t\t\t\t<div class=\"elementor-container elementor-column-gap-default\">\n\t\t\t\t\t<div class=\"elementor-column elementor-col-100 elementor-top-column elementor-element elementor-element-7fd8f7c7\" data-id=\"7fd8f7c7\" data-element_type=\"column\" data-e-type=\"column\">\n\t\t\t<div class=\"elementor-widget-wrap elementor-element-populated\">\n\t\t\t\t\t\t<div class=\"elementor-element elementor-element-56821bc9 headline-style elementor-widget elementor-widget-heading\" data-id=\"56821bc9\" data-element_type=\"widget\" data-e-type=\"widget\" data-widget_type=\"heading.default\">\n\t\t\t\t\t<h2 class=\"elementor-heading-title elementor-size-default\">APLICA\u00c7\u00d5ES PRODU\u00c7\u00c3O REGENERATIVA DE G\u00c1S DA AWITE\n<\/h2>\t\t\t\t<\/div>\n\t\t\t\t<section class=\"elementor-section elementor-inner-section elementor-element elementor-element-13f3d854 elementor-section-boxed elementor-section-height-default elementor-section-height-default\" data-id=\"13f3d854\" data-element_type=\"section\" data-e-type=\"section\" data-settings=\"{&quot;jet_parallax_layout_list&quot;:[]}\">\n\t\t\t\t\t\t<div class=\"elementor-container elementor-column-gap-default\">\n\t\t\t\t\t<div class=\"elementor-column elementor-col-100 elementor-inner-column elementor-element elementor-element-102a2614 container-shadow\" data-id=\"102a2614\" data-element_type=\"column\" data-e-type=\"column\">\n\t\t\t<div class=\"elementor-widget-wrap elementor-element-populated\">\n\t\t\t\t\t\t<div class=\"elementor-element elementor-element-10ee491f elementor-widget elementor-widget-text-editor\" data-id=\"10ee491f\" data-element_type=\"widget\" data-e-type=\"widget\" data-widget_type=\"text-editor.default\">\n\t\t\t\t\t\t\t\t\tA quantidade de hidrog\u00eanio (H2), metano (CH4) e di\u00f3xido de carbono (CO2) \u00e9 decisiva para o processo. Com nossos sistemas, n\u00f3s lhe dizemos o que seus microorganismos podem alcan\u00e7ar.\n\n\t\t\t\t\t\t\t\t<\/div>\n\t\t\t\t\t<\/div>\n\t\t<\/div>\n\t\t\t\t\t<\/div>\n\t\t<\/section>\n\t\t\t\t<div class=\"elementor-element elementor-element-5540649d headline-style elementor-widget elementor-widget-heading\" data-id=\"5540649d\" data-element_type=\"widget\" data-e-type=\"widget\" data-widget_type=\"heading.default\">\n\t\t\t\t\t<h2 class=\"elementor-heading-title elementor-size-default\">CORRESPOND\u00caNCIA DE PRODUTOS DA AWITE\n<\/h2>\t\t\t\t<\/div>\n\t\t\t\t<section class=\"elementor-section elementor-inner-section elementor-element elementor-element-49abf162 elementor-section-boxed elementor-section-height-default elementor-section-height-default\" data-id=\"49abf162\" data-element_type=\"section\" data-e-type=\"section\" data-settings=\"{&quot;jet_parallax_layout_list&quot;:[]}\">\n\t\t\t\t\t\t<div class=\"elementor-container elementor-column-gap-default\">\n\t\t\t\t\t<div class=\"elementor-column elementor-col-25 elementor-inner-column elementor-element elementor-element-7fa11bbd\" data-id=\"7fa11bbd\" data-element_type=\"column\" data-e-type=\"column\">\n\t\t\t<div class=\"elementor-widget-wrap elementor-element-populated\">\n\t\t\t\t\t\t<div class=\"elementor-element elementor-element-44d9f9d9 elementor-position-top elementor-widget elementor-widget-image-box\" data-id=\"44d9f9d9\" data-element_type=\"widget\" data-e-type=\"widget\" data-widget_type=\"image-box.default\">\n\t\t\t\t\t<div class=\"elementor-image-box-wrapper\"><figure class=\"elementor-image-box-img\"><a href=\"https:\/\/www.awite.de\/pt-br\/nossos-produtos\/analise-de-gas\/\" tabindex=\"-1\"><img decoding=\"async\" width=\"200\" height=\"175\" src=\"https:\/\/www.awite.de\/wp-content\/uploads\/awite_gasanalyse.png\" class=\"elementor-animation-grow attachment-full size-full wp-image-4536\" alt=\"\" srcset=\"https:\/\/www.awite.de\/wp-content\/uploads\/awite_gasanalyse.png 200w, https:\/\/www.awite.de\/wp-content\/uploads\/awite_gasanalyse-150x131.png 150w\" sizes=\"(max-width: 200px) 100vw, 200px\" \/><\/a><\/figure><div class=\"elementor-image-box-content\"><h3 class=\"elementor-image-box-title\"><a href=\"https:\/\/www.awite.de\/pt-br\/nossos-produtos\/analise-de-gas\/\">AN\u00c1LISE DE G\u00c1S<\/a><\/h3><p class=\"elementor-image-box-description\">Nossos sistemas de an\u00e1lise de g\u00e1s AwiECO e AwiFLEX garantem processos operacionais perfeitos por meio de um amplo controle dos processos.<\/p><\/div><\/div>\t\t\t\t<\/div>\n\t\t\t\t\t<\/div>\n\t\t<\/div>\n\t\t\t\t<div class=\"elementor-column elementor-col-25 elementor-inner-column elementor-element elementor-element-e7a45e3\" data-id=\"e7a45e3\" data-element_type=\"column\" data-e-type=\"column\">\n\t\t\t<div class=\"elementor-widget-wrap elementor-element-populated\">\n\t\t\t\t\t\t<div class=\"elementor-element elementor-element-3d62fff elementor-position-top elementor-widget elementor-widget-image-box\" data-id=\"3d62fff\" data-element_type=\"widget\" data-e-type=\"widget\" data-widget_type=\"image-box.default\">\n\t\t\t\t\t<div class=\"elementor-image-box-wrapper\"><figure class=\"elementor-image-box-img\"><a href=\"https:\/\/www.awite.de\/pt-br\/nossos-produtos\/assistencia-tecnica\/\" tabindex=\"-1\"><img decoding=\"async\" width=\"200\" height=\"175\" src=\"https:\/\/www.awite.de\/wp-content\/uploads\/awite_service.png\" class=\"elementor-animation-grow attachment-full size-full wp-image-4540\" alt=\"\" srcset=\"https:\/\/www.awite.de\/wp-content\/uploads\/awite_service.png 200w, https:\/\/www.awite.de\/wp-content\/uploads\/awite_service-150x131.png 150w\" sizes=\"(max-width: 200px) 100vw, 200px\" \/><\/a><\/figure><div class=\"elementor-image-box-content\"><h3 class=\"elementor-image-box-title\"><a href=\"https:\/\/www.awite.de\/pt-br\/nossos-produtos\/assistencia-tecnica\/\">ASSIST\u00caNCIA T\u00c9CNICA<\/a><\/h3><p class=\"elementor-image-box-description\">Sven, Mats ou Lars, voc\u00ea escolhe. A assist\u00eancia t\u00e9cnica sob medida AwiPLUS oferece o suporte completo para sua an\u00e1lise de g\u00e1s.<\/p><\/div><\/div>\t\t\t\t<\/div>\n\t\t\t\t\t<\/div>\n\t\t<\/div>\n\t\t\t\t<div class=\"elementor-column elementor-col-25 elementor-inner-column elementor-element elementor-element-6479424\" data-id=\"6479424\" data-element_type=\"column\" data-e-type=\"column\">\n\t\t\t<div class=\"elementor-widget-wrap\">\n\t\t\t\t\t\t\t<\/div>\n\t\t<\/div>\n\t\t\t\t<div class=\"elementor-column elementor-col-25 elementor-inner-column elementor-element elementor-element-7f758a33\" data-id=\"7f758a33\" data-element_type=\"column\" data-e-type=\"column\">\n\t\t\t<div class=\"elementor-widget-wrap\">\n\t\t\t\t\t\t\t<\/div>\n\t\t<\/div>\n\t\t\t\t\t<\/div>\n\t\t<\/section>\n\t\t\t\t\t<\/div>\n\t\t<\/div>\n\t\t\t\t\t<\/div>\n\t\t<\/section>\n\t\t\t\t<\/div>\n\t\t","protected":false},"excerpt":{"rendered":"<p>PRODU\u00c7\u00c3O REGENERATIVA DE G\u00c1S APLICA\u00c7\u00d5ES PRODU\u00c7\u00c3O REGENERATIVA DE G\u00c1S DA AWITE A quantidade de hidrog\u00eanio (H2), metano (CH4) e di\u00f3xido de carbono (CO2) \u00e9 decisiva para o processo. Com nossos sistemas, n\u00f3s lhe dizemos o que seus microorganismos podem alcan\u00e7ar. CORRESPOND\u00caNCIA DE PRODUTOS DA AWITE AN\u00c1LISE DE G\u00c1S Nossos sistemas de an\u00e1lise de g\u00e1s AwiECO [&hellip;]<\/p>\n","protected":false},"author":1,"featured_media":0,"parent":4469,"menu_order":37,"comment_status":"closed","ping_status":"closed","template":"elementor_header_footer","meta":{"_acf_changed":false,"_angie_page":false,"footnotes":""},"class_list":["post-4520","page","type-page","status-publish","hentry"],"acf":[],"yoast_head":"<!-- This site is optimized with the Yoast SEO plugin v27.2 - https:\/\/yoast.com\/product\/yoast-seo-wordpress\/ -->\n<title>Power-to-Gas - Awite<\/title>\n<meta name=\"robots\" content=\"index, follow, max-snippet:-1, max-image-preview:large, max-video-preview:-1\" \/>\n<link rel=\"canonical\" href=\"https:\/\/www.awite.de\/anwendungen\/power-to-gas\/\" \/>\n<meta property=\"og:locale\" content=\"pt_BR\" \/>\n<meta property=\"og:type\" content=\"article\" \/>\n<meta property=\"og:title\" content=\"Power-to-Gas - Awite\" \/>\n<meta property=\"og:description\" content=\"PRODU\u00c7\u00c3O REGENERATIVA DE G\u00c1S APLICA\u00c7\u00d5ES PRODU\u00c7\u00c3O REGENERATIVA DE G\u00c1S DA AWITE A quantidade de hidrog\u00eanio (H2), metano (CH4) e di\u00f3xido de carbono (CO2) \u00e9 decisiva para o processo. Com nossos sistemas, n\u00f3s lhe dizemos o que seus microorganismos podem alcan\u00e7ar. CORRESPOND\u00caNCIA DE PRODUTOS DA AWITE AN\u00c1LISE DE G\u00c1S Nossos sistemas de an\u00e1lise de g\u00e1s AwiECO [&hellip;]\" \/>\n<meta property=\"og:url\" content=\"https:\/\/www.awite.de\/anwendungen\/power-to-gas\/\" \/>\n<meta property=\"og:site_name\" content=\"Awite\" \/>\n<meta property=\"article:modified_time\" content=\"2024-03-05T10:30:06+00:00\" \/>\n<meta property=\"og:image\" content=\"https:\/\/www.awite.de\/wp-content\/uploads\/awite_gasanalyse.png\" \/>\n<meta name=\"twitter:card\" content=\"summary_large_image\" \/>\n<meta name=\"twitter:label1\" content=\"Est. tempo de leitura\" \/>\n\t<meta name=\"twitter:data1\" content=\"1 minuto\" \/>\n<script type=\"application\/ld+json\" class=\"yoast-schema-graph\">{\"@context\":\"https:\/\/schema.org\",\"@graph\":[{\"@type\":\"WebPage\",\"@id\":\"https:\/\/www.awite.de\/anwendungen\/power-to-gas\/\",\"url\":\"https:\/\/www.awite.de\/anwendungen\/power-to-gas\/\",\"name\":\"Power-to-Gas - Awite\",\"isPartOf\":{\"@id\":\"https:\/\/www.awite.de\/#website\"},\"primaryImageOfPage\":{\"@id\":\"https:\/\/www.awite.de\/anwendungen\/power-to-gas\/#primaryimage\"},\"image\":{\"@id\":\"https:\/\/www.awite.de\/anwendungen\/power-to-gas\/#primaryimage\"},\"thumbnailUrl\":\"https:\/\/www.awite.de\/wp-content\/uploads\/awite_gasanalyse.png\",\"datePublished\":\"2021-05-23T17:55:41+00:00\",\"dateModified\":\"2024-03-05T10:30:06+00:00\",\"breadcrumb\":{\"@id\":\"https:\/\/www.awite.de\/anwendungen\/power-to-gas\/#breadcrumb\"},\"inLanguage\":\"pt-BR\",\"potentialAction\":[{\"@type\":\"ReadAction\",\"target\":[\"https:\/\/www.awite.de\/anwendungen\/power-to-gas\/\"]}]},{\"@type\":\"ImageObject\",\"inLanguage\":\"pt-BR\",\"@id\":\"https:\/\/www.awite.de\/anwendungen\/power-to-gas\/#primaryimage\",\"url\":\"https:\/\/www.awite.de\/wp-content\/uploads\/awite_gasanalyse.png\",\"contentUrl\":\"https:\/\/www.awite.de\/wp-content\/uploads\/awite_gasanalyse.png\"},{\"@type\":\"BreadcrumbList\",\"@id\":\"https:\/\/www.awite.de\/anwendungen\/power-to-gas\/#breadcrumb\",\"itemListElement\":[{\"@type\":\"ListItem\",\"position\":1,\"name\":\"Startseite\",\"item\":\"https:\/\/www.awite.de\/\"},{\"@type\":\"ListItem\",\"position\":2,\"name\":\"APLICA\u00c7\u00d5ES\",\"item\":\"https:\/\/www.awite.de\/anwendungen\/\"},{\"@type\":\"ListItem\",\"position\":3,\"name\":\"Power-to-Gas\"}]},{\"@type\":\"WebSite\",\"@id\":\"https:\/\/www.awite.de\/#website\",\"url\":\"https:\/\/www.awite.de\/\",\"name\":\"Awite\",\"description\":\"AWITE Bioenergie GmbH\",\"publisher\":{\"@id\":\"https:\/\/www.awite.de\/#organization\"},\"potentialAction\":[{\"@type\":\"SearchAction\",\"target\":{\"@type\":\"EntryPoint\",\"urlTemplate\":\"https:\/\/www.awite.de\/?s={search_term_string}\"},\"query-input\":{\"@type\":\"PropertyValueSpecification\",\"valueRequired\":true,\"valueName\":\"search_term_string\"}}],\"inLanguage\":\"pt-BR\"},{\"@type\":\"Organization\",\"@id\":\"https:\/\/www.awite.de\/#organization\",\"name\":\"Awite\",\"url\":\"https:\/\/www.awite.de\/\",\"logo\":{\"@type\":\"ImageObject\",\"inLanguage\":\"pt-BR\",\"@id\":\"https:\/\/www.awite.de\/#\/schema\/logo\/image\/\",\"url\":\"https:\/\/www.awite.de\/wp-content\/uploads\/Logo-Awite-Biogas.png\",\"contentUrl\":\"https:\/\/www.awite.de\/wp-content\/uploads\/Logo-Awite-Biogas.png\",\"width\":385,\"height\":285,\"caption\":\"Awite\"},\"image\":{\"@id\":\"https:\/\/www.awite.de\/#\/schema\/logo\/image\/\"}}]}<\/script>\n<!-- \/ Yoast SEO plugin. -->","yoast_head_json":{"title":"Power-to-Gas - Awite","robots":{"index":"index","follow":"follow","max-snippet":"max-snippet:-1","max-image-preview":"max-image-preview:large","max-video-preview":"max-video-preview:-1"},"canonical":"https:\/\/www.awite.de\/anwendungen\/power-to-gas\/","og_locale":"pt_BR","og_type":"article","og_title":"Power-to-Gas - Awite","og_description":"PRODU\u00c7\u00c3O REGENERATIVA DE G\u00c1S APLICA\u00c7\u00d5ES PRODU\u00c7\u00c3O REGENERATIVA DE G\u00c1S DA AWITE A quantidade de hidrog\u00eanio (H2), metano (CH4) e di\u00f3xido de carbono (CO2) \u00e9 decisiva para o processo. Com nossos sistemas, n\u00f3s lhe dizemos o que seus microorganismos podem alcan\u00e7ar. CORRESPOND\u00caNCIA DE PRODUTOS DA AWITE AN\u00c1LISE DE G\u00c1S Nossos sistemas de an\u00e1lise de g\u00e1s AwiECO [&hellip;]","og_url":"https:\/\/www.awite.de\/anwendungen\/power-to-gas\/","og_site_name":"Awite","article_modified_time":"2024-03-05T10:30:06+00:00","og_image":[{"url":"https:\/\/www.awite.de\/wp-content\/uploads\/awite_gasanalyse.png","type":"","width":"","height":""}],"twitter_card":"summary_large_image","twitter_misc":{"Est. tempo de leitura":"1 minuto"},"schema":{"@context":"https:\/\/schema.org","@graph":[{"@type":"WebPage","@id":"https:\/\/www.awite.de\/anwendungen\/power-to-gas\/","url":"https:\/\/www.awite.de\/anwendungen\/power-to-gas\/","name":"Power-to-Gas - Awite","isPartOf":{"@id":"https:\/\/www.awite.de\/#website"},"primaryImageOfPage":{"@id":"https:\/\/www.awite.de\/anwendungen\/power-to-gas\/#primaryimage"},"image":{"@id":"https:\/\/www.awite.de\/anwendungen\/power-to-gas\/#primaryimage"},"thumbnailUrl":"https:\/\/www.awite.de\/wp-content\/uploads\/awite_gasanalyse.png","datePublished":"2021-05-23T17:55:41+00:00","dateModified":"2024-03-05T10:30:06+00:00","breadcrumb":{"@id":"https:\/\/www.awite.de\/anwendungen\/power-to-gas\/#breadcrumb"},"inLanguage":"pt-BR","potentialAction":[{"@type":"ReadAction","target":["https:\/\/www.awite.de\/anwendungen\/power-to-gas\/"]}]},{"@type":"ImageObject","inLanguage":"pt-BR","@id":"https:\/\/www.awite.de\/anwendungen\/power-to-gas\/#primaryimage","url":"https:\/\/www.awite.de\/wp-content\/uploads\/awite_gasanalyse.png","contentUrl":"https:\/\/www.awite.de\/wp-content\/uploads\/awite_gasanalyse.png"},{"@type":"BreadcrumbList","@id":"https:\/\/www.awite.de\/anwendungen\/power-to-gas\/#breadcrumb","itemListElement":[{"@type":"ListItem","position":1,"name":"Startseite","item":"https:\/\/www.awite.de\/"},{"@type":"ListItem","position":2,"name":"APLICA\u00c7\u00d5ES","item":"https:\/\/www.awite.de\/anwendungen\/"},{"@type":"ListItem","position":3,"name":"Power-to-Gas"}]},{"@type":"WebSite","@id":"https:\/\/www.awite.de\/#website","url":"https:\/\/www.awite.de\/","name":"Awite","description":"AWITE Bioenergie GmbH","publisher":{"@id":"https:\/\/www.awite.de\/#organization"},"potentialAction":[{"@type":"SearchAction","target":{"@type":"EntryPoint","urlTemplate":"https:\/\/www.awite.de\/?s={search_term_string}"},"query-input":{"@type":"PropertyValueSpecification","valueRequired":true,"valueName":"search_term_string"}}],"inLanguage":"pt-BR"},{"@type":"Organization","@id":"https:\/\/www.awite.de\/#organization","name":"Awite","url":"https:\/\/www.awite.de\/","logo":{"@type":"ImageObject","inLanguage":"pt-BR","@id":"https:\/\/www.awite.de\/#\/schema\/logo\/image\/","url":"https:\/\/www.awite.de\/wp-content\/uploads\/Logo-Awite-Biogas.png","contentUrl":"https:\/\/www.awite.de\/wp-content\/uploads\/Logo-Awite-Biogas.png","width":385,"height":285,"caption":"Awite"},"image":{"@id":"https:\/\/www.awite.de\/#\/schema\/logo\/image\/"}}]}},"_links":{"self":[{"href":"https:\/\/www.awite.de\/pt-br\/wp-json\/wp\/v2\/pages\/4520","targetHints":{"allow":["GET"]}}],"collection":[{"href":"https:\/\/www.awite.de\/pt-br\/wp-json\/wp\/v2\/pages"}],"about":[{"href":"https:\/\/www.awite.de\/pt-br\/wp-json\/wp\/v2\/types\/page"}],"author":[{"embeddable":true,"href":"https:\/\/www.awite.de\/pt-br\/wp-json\/wp\/v2\/users\/1"}],"replies":[{"embeddable":true,"href":"https:\/\/www.awite.de\/pt-br\/wp-json\/wp\/v2\/comments?post=4520"}],"version-history":[{"count":10,"href":"https:\/\/www.awite.de\/pt-br\/wp-json\/wp\/v2\/pages\/4520\/revisions"}],"predecessor-version":[{"id":16642,"href":"https:\/\/www.awite.de\/pt-br\/wp-json\/wp\/v2\/pages\/4520\/revisions\/16642"}],"up":[{"embeddable":true,"href":"https:\/\/www.awite.de\/pt-br\/wp-json\/wp\/v2\/pages\/4469"}],"wp:attachment":[{"href":"https:\/\/www.awite.de\/pt-br\/wp-json\/wp\/v2\/media?parent=4520"}],"curies":[{"name":"wp","href":"https:\/\/api.w.org\/{rel}","templated":true}]}}